{"id":484,"date":"2023-10-04T13:07:11","date_gmt":"2023-10-04T13:07:11","guid":{"rendered":"https:\/\/newkarya.wpzone.my.id\/?page_id=50"},"modified":"2023-10-11T14:55:11","modified_gmt":"2023-10-11T14:55:11","slug":"news","status":"publish","type":"page","link":"https:\/\/karyateknologi.co.id\/?page_id=484","title":{"rendered":"News"},"content":{"rendered":"\t\t<div data-elementor-type=\"wp-page\" data-elementor-id=\"484\" class=\"elementor elementor-484\">\n\t\t\t\t\t\t<div class=\"elementor-inner\">\n\t\t\t\t<div class=\"elementor-section-wrap\">\n\t\t\t\t\t\t\t\t\t<section class=\"elementor-section elementor-top-section elementor-element elementor-element-6c8b2aa3 ct-section-stretched elementor-section-full_width elementor-section-height-default elementor-section-height-default\" data-id=\"6c8b2aa3\" data-element_type=\"section\" data-settings=\"{&quot;background_background&quot;:&quot;classic&quot;}\">\n\t\t\t\t\t\t\t<div class=\"elementor-background-overlay\"><\/div>\n\t\t\t\t\t\t\t<div class=\"elementor-container elementor-column-gap-default\">\n\t\t\t\t\t\t\t<div class=\"elementor-row\">\n\t\t\t\t\t<div class=\"elementor-column elementor-col-100 elementor-top-column elementor-element elementor-element-7635bf15\" data-id=\"7635bf15\" data-element_type=\"column\">\n\t\t\t<div class=\"elementor-column-wrap elementor-element-populated\">\n\t\t\t\t\t\t\t<div class=\"elementor-widget-wrap\">\n\t\t\t\t\t\t<div class=\"elementor-element elementor-element-5d0de514 elementor-widget elementor-widget-heading\" data-id=\"5d0de514\" data-element_type=\"widget\" data-widget_type=\"heading.default\">\n\t\t\t\t<div class=\"elementor-widget-container\">\n\t\t\t<h2 class=\"elementor-heading-title elementor-size-default\">News<\/h2>\t\t<\/div>\n\t\t\t\t<\/div>\n\t\t\t\t<div class=\"elementor-element elementor-element-5084f7fc elementor-widget elementor-widget-heading\" data-id=\"5084f7fc\" data-element_type=\"widget\" data-widget_type=\"heading.default\">\n\t\t\t\t<div class=\"elementor-widget-container\">\n\t\t\t<p class=\"elementor-heading-title elementor-size-default\"><nav aria-label=\"breadcrumbs\" class=\"rank-math-breadcrumb\"><p><span class=\"last\">Home<\/span><\/p><\/nav><\/p>\t\t<\/div>\n\t\t\t\t<\/div>\n\t\t\t\t\t\t<\/div>\n\t\t\t\t\t<\/div>\n\t\t<\/div>\n\t\t\t\t\t\t\t\t<\/div>\n\t\t\t\t\t<\/div>\n\t\t<\/section>\n\t\t\t\t<section class=\"elementor-section elementor-top-section elementor-element elementor-element-62c85f9 ct-section-stretched elementor-section-full_width elementor-section-height-default elementor-section-height-default\" data-id=\"62c85f9\" data-element_type=\"section\" data-settings=\"{&quot;background_background&quot;:&quot;classic&quot;}\">\n\t\t\t\t\t\t<div class=\"elementor-container elementor-column-gap-default\">\n\t\t\t\t\t\t\t<div class=\"elementor-row\">\n\t\t\t\t\t<div class=\"elementor-column elementor-col-100 elementor-top-column elementor-element elementor-element-2dc8b24\" data-id=\"2dc8b24\" data-element_type=\"column\">\n\t\t\t<div class=\"elementor-column-wrap elementor-element-populated\">\n\t\t\t\t\t\t\t<div class=\"elementor-widget-wrap\">\n\t\t\t\t\t\t<section class=\"elementor-section elementor-inner-section elementor-element elementor-element-dfb6773 elementor-section-boxed elementor-section-height-default elementor-section-height-default\" data-id=\"dfb6773\" data-element_type=\"section\">\n\t\t\t\t\t\t<div class=\"elementor-container elementor-column-gap-default\">\n\t\t\t\t\t\t\t<div class=\"elementor-row\">\n\t\t\t\t\t<div class=\"elementor-column elementor-col-100 elementor-inner-column elementor-element elementor-element-94bf414\" data-id=\"94bf414\" data-element_type=\"column\">\n\t\t\t<div class=\"elementor-column-wrap elementor-element-populated\">\n\t\t\t\t\t\t\t<div class=\"elementor-widget-wrap\">\n\t\t\t\t\t\t<div class=\"elementor-element elementor-element-1c165ab elementor-widget elementor-widget-shortcode\" data-id=\"1c165ab\" data-element_type=\"widget\" data-widget_type=\"shortcode.default\">\n\t\t\t\t<div class=\"elementor-widget-container\">\n\t\t\t\t\t<div class=\"elementor-shortcode\"><div class=\"ct-posts-shortcode\" data-prefix=\"blog\"><div class=\"entries\" data-archive=\"default\" data-layout=\"grid\" data-cards=\"boxed\"  ><article id=\"post-18621\" class=\"entry-card post-18621 post type-post status-publish format-standard hentry category-uncategorized\" ><ul class=\"entry-meta\" data-type=\"simple:slash\"  ><li class=\"meta-categories\" data-type=\"simple\"><a href=\"https:\/\/karyateknologi.co.id\/?cat=1\" rel=\"tag\" class=\"ct-term-1\">Uncategorized<\/a><\/li><\/ul>\n\t<h2 class=\"entry-title\">\n\t\t<a href=\"https:\/\/karyateknologi.co.id\/?p=18621\" rel=\"bookmark\">\n\t\t\tWinChasing Casino: Your Personal Portal to High-End Digital Casino Excellence\t\t<\/a>\n\t<\/h2>\n\n\t<div class=\"entry-excerpt\" ><p>List of Sections Comprehensive Entertainment Portfolio Which Exemplifies Quality State-of-the-Art Security System and Certification Financial System and Transaction Options Rewards System and User Benefits Portable Interface and Platform Accessibility Support Solutions and Player Support Comprehensive Entertainment Collection That Defines Excellence\u2026<\/p>\n<\/div><div class=\"ct-ghost\"><\/div><ul class=\"entry-meta\" data-type=\"simple:slash\"  ><li class=\"meta-author\" itemprop=\"author\" itemscope=\"\" itemtype=\"https:\/\/schema.org\/Person\" ><a class=\"ct-meta-element-author\" href=\"https:\/\/karyateknologi.co.id\/author\/it-team\" title=\"Posts by it-team\" rel=\"author\" itemprop=\"url\"><span itemprop=\"name\" >it-team<\/span><\/a><\/li><li class=\"meta-date\" itemprop=\"datePublished\" ><time class=\"ct-meta-element-date\" datetime=\"2026-04-16T17:01:05+07:00\" >April 16, 2026<\/time><\/li><\/ul><\/article><article id=\"post-18619\" class=\"entry-card post-18619 post type-post status-publish format-standard hentry category-uncategorized\" ><ul class=\"entry-meta\" data-type=\"simple:slash\"  ><li class=\"meta-categories\" data-type=\"simple\"><a href=\"https:\/\/karyateknologi.co.id\/?cat=1\" rel=\"tag\" class=\"ct-term-1\">Uncategorized<\/a><\/li><\/ul>\n\t<h2 class=\"entry-title\">\n\t\t<a href=\"https:\/\/karyateknologi.co.id\/?p=18619\" rel=\"bookmark\">\n\t\t\tMega Riches Casino \u2013 Ditt Ultimata Manual g\u00e4llande Upphetsande Spelupplevelser\t\t<\/a>\n\t<\/h2>\n\n\t<div class=\"entry-excerpt\" ><p>\u00d6versikt V\u00e4lkomna till Spel\u00e4ventyret Spelutv\u00e4rdering och Plattformsfunktioner Betalningsalternativ med Betalningar Bel\u00f6ningar och Promotioner Skydd och Licenser V\u00e4lkommen till Spelm\u00f6jligheten Hos v\u00e5r casinoverksamhet har gruppen byggt en plattform n\u00e4r h\u00f6gkvalitet tr\u00e4ffar sp\u00e4nning i samtlig komponent.  representerar m\u00e5nader av detaljerad f\u00f6rberedelse\u2026<\/p>\n<\/div><div class=\"ct-ghost\"><\/div><ul class=\"entry-meta\" data-type=\"simple:slash\"  ><li class=\"meta-author\" itemprop=\"author\" itemscope=\"\" itemtype=\"https:\/\/schema.org\/Person\" ><a class=\"ct-meta-element-author\" href=\"https:\/\/karyateknologi.co.id\/author\/it-team\" title=\"Posts by it-team\" rel=\"author\" itemprop=\"url\"><span itemprop=\"name\" >it-team<\/span><\/a><\/li><li class=\"meta-date\" itemprop=\"datePublished\" ><time class=\"ct-meta-element-date\" datetime=\"2026-04-16T17:00:54+07:00\" >April 16, 2026<\/time><\/li><\/ul><\/article><article id=\"post-18617\" class=\"entry-card post-18617 post type-post status-publish format-standard hentry category-uncategorized\" ><ul class=\"entry-meta\" data-type=\"simple:slash\"  ><li class=\"meta-categories\" data-type=\"simple\"><a href=\"https:\/\/karyateknologi.co.id\/?cat=1\" rel=\"tag\" class=\"ct-term-1\">Uncategorized<\/a><\/li><\/ul>\n\t<h2 class=\"entry-title\">\n\t\t<a href=\"https:\/\/karyateknologi.co.id\/?p=18617\" rel=\"bookmark\">\n\t\t\tCasino And Your Journey: Establishing Your Own Path to Wiser Gaming\t\t<\/a>\n\t<\/h2>\n\n\t<div class=\"entry-excerpt\" ><p>Index of Contents Comprehending Your Individual Player Journey Tactical Budget Management Fundamentals The Science Supporting Game Selection Our Detailed Safe Play Framework Optimizing Promotional Value User Group and Support Systems Comprehending Your Personal Gaming Journey Every single gaming session at\u2026<\/p>\n<\/div><div class=\"ct-ghost\"><\/div><ul class=\"entry-meta\" data-type=\"simple:slash\"  ><li class=\"meta-author\" itemprop=\"author\" itemscope=\"\" itemtype=\"https:\/\/schema.org\/Person\" ><a class=\"ct-meta-element-author\" href=\"https:\/\/karyateknologi.co.id\/author\/it-team\" title=\"Posts by it-team\" rel=\"author\" itemprop=\"url\"><span itemprop=\"name\" >it-team<\/span><\/a><\/li><li class=\"meta-date\" itemprop=\"datePublished\" ><time class=\"ct-meta-element-date\" datetime=\"2026-04-16T17:00:42+07:00\" >April 16, 2026<\/time><\/li><\/ul><\/article><article id=\"post-18583\" class=\"entry-card post-18583 post type-post status-publish format-standard hentry category-uncategorized\" ><ul class=\"entry-meta\" data-type=\"simple:slash\"  ><li class=\"meta-categories\" data-type=\"simple\"><a href=\"https:\/\/karyateknologi.co.id\/?cat=1\" rel=\"tag\" class=\"ct-term-1\">Uncategorized<\/a><\/li><\/ul>\n\t<h2 class=\"entry-title\">\n\t\t<a href=\"https:\/\/karyateknologi.co.id\/?p=18583\" rel=\"bookmark\">\n\t\t\tGuide complet du casino en ligne : tout ce que vous devez savoir pour jouer en toute s\u00e9curit\u00e9 et maximiser vos gains\t\t<\/a>\n\t<\/h2>\n\n\t<div class=\"entry-excerpt\" ><p>Guide complet du casino en ligne : tout ce que vous devez savoir pour jouer en toute s\u00e9curit\u00e9 et maximiser vos gains L\u2019essor des casinos virtuels ne montre aucun signe de ralentissement\u202f; chaque mois des millions de joueurs fran\u00e7ais s\u2019inscrivent\u2026<\/p>\n<\/div><div class=\"ct-ghost\"><\/div><ul class=\"entry-meta\" data-type=\"simple:slash\"  ><li class=\"meta-author\" itemprop=\"author\" itemscope=\"\" itemtype=\"https:\/\/schema.org\/Person\" ><a class=\"ct-meta-element-author\" href=\"https:\/\/karyateknologi.co.id\/author\/it-team\" title=\"Posts by it-team\" rel=\"author\" itemprop=\"url\"><span itemprop=\"name\" >it-team<\/span><\/a><\/li><li class=\"meta-date\" itemprop=\"datePublished\" ><time class=\"ct-meta-element-date\" datetime=\"2026-04-13T17:01:14+07:00\" >April 13, 2026<\/time><\/li><\/ul><\/article><article id=\"post-18462\" class=\"entry-card post-18462 post type-post status-publish format-standard hentry category-uncategorized\" ><ul class=\"entry-meta\" data-type=\"simple:slash\"  ><li class=\"meta-categories\" data-type=\"simple\"><a href=\"https:\/\/karyateknologi.co.id\/?cat=1\" rel=\"tag\" class=\"ct-term-1\">Uncategorized<\/a><\/li><\/ul>\n\t<h2 class=\"entry-title\">\n\t\t<a href=\"https:\/\/karyateknologi.co.id\/?p=18462\" rel=\"bookmark\">\n\t\t\tMastering First Messages on Datinghelpblog.Com: A Self\u2011Improvement Blueprint for Meaningful Connections\t\t<\/a>\n\t<\/h2>\n\n\t<div class=\"entry-excerpt\" ><p>Mastering First Messages on Datinghelpblog.Com: A Self\u2011Improvement Blueprint for Meaningful Connections Finding love online starts with one simple step: the opening line. Studies show that users who send personalized first messages are three times more likely to get a reply\u2026<\/p>\n<\/div><div class=\"ct-ghost\"><\/div><ul class=\"entry-meta\" data-type=\"simple:slash\"  ><li class=\"meta-author\" itemprop=\"author\" itemscope=\"\" itemtype=\"https:\/\/schema.org\/Person\" ><a class=\"ct-meta-element-author\" href=\"https:\/\/karyateknologi.co.id\/author\/it-team\" title=\"Posts by it-team\" rel=\"author\" itemprop=\"url\"><span itemprop=\"name\" >it-team<\/span><\/a><\/li><li class=\"meta-date\" itemprop=\"datePublished\" ><time class=\"ct-meta-element-date\" datetime=\"2026-04-09T00:03:25+07:00\" >April 9, 2026<\/time><\/li><\/ul><\/article><\/div>\n\t\t<nav class=\"ct-pagination\" data-pagination=\"simple\" >\n\t\t\t<div class=\"ct-hidden-sm\"><span aria-current=\"page\" class=\"page-numbers current\">1<\/span>\n<a class=\"page-numbers\" href=\"https:\/\/karyateknologi.co.id\/index.php\/?paged=2&#038;rest_route=%2Fwp%2Fv2%2Fpages%2F484\">2<\/a>\n<a class=\"page-numbers\" href=\"https:\/\/karyateknologi.co.id\/index.php\/?paged=3&#038;rest_route=%2Fwp%2Fv2%2Fpages%2F484\">3<\/a>\n<a class=\"page-numbers\" href=\"https:\/\/karyateknologi.co.id\/index.php\/?paged=4&#038;rest_route=%2Fwp%2Fv2%2Fpages%2F484\">4<\/a>\n<span class=\"page-numbers dots\">&hellip;<\/span>\n<a class=\"page-numbers\" href=\"https:\/\/karyateknologi.co.id\/index.php\/?paged=143&#038;rest_route=%2Fwp%2Fv2%2Fpages%2F484\">143<\/a><\/div><a class=\"next page-numbers\" href=\"https:\/\/karyateknologi.co.id\/index.php\/?paged=2&#038;rest_route=%2Fwp%2Fv2%2Fpages%2F484\">Next <svg width=\"9px\" height=\"9px\" viewBox=\"0 0 15 15\" fill=\"currentColor\"><path d=\"M4.1,15c0.2,0,0.4-0.1,0.6-0.2L11.4,8c0.3-0.3,0.3-0.8,0-1.1L4.8,0.2C4.5-0.1,4-0.1,3.7,0.2C3.4,0.5,3.4,1,3.7,1.3l6.1,6.1l-6.2,6.2c-0.3,0.3-0.3,0.8,0,1.1C3.7,14.9,3.9,15,4.1,15z\"\/><\/svg><\/a>\n\t\t\t\n\t\t<\/nav><\/div><\/div>\n\t\t\t\t<\/div>\n\t\t\t\t<\/div>\n\t\t\t\t\t\t<\/div>\n\t\t\t\t\t<\/div>\n\t\t<\/div>\n\t\t\t\t\t\t\t\t<\/div>\n\t\t\t\t\t<\/div>\n\t\t<\/section>\n\t\t\t\t\t\t<\/div>\n\t\t\t\t\t<\/div>\n\t\t<\/div>\n\t\t\t\t\t\t\t\t<\/div>\n\t\t\t\t\t<\/div>\n\t\t<\/section>\n\t\t\t\t\t\t\t\t\t<\/div>\n\t\t\t<\/div>\n\t\t\t\t\t<\/div>\n\t\t","protected":false},"excerpt":{"rendered":"<p>News<\/p>\n","protected":false},"author":1,"featured_media":0,"parent":0,"menu_order":0,"comment_status":"closed","ping_status":"closed","template":"elementor_header_footer","meta":{"footnotes":""},"class_list":["post-484","page","type-page","status-publish","hentry"],"blocksy_meta":"","_links":{"self":[{"href":"https:\/\/karyateknologi.co.id\/index.php?rest_route=\/wp\/v2\/pages\/484","targetHints":{"allow":["GET"]}}],"collection":[{"href":"https:\/\/karyateknologi.co.id\/index.php?rest_route=\/wp\/v2\/pages"}],"about":[{"href":"https:\/\/karyateknologi.co.id\/index.php?rest_route=\/wp\/v2\/types\/page"}],"author":[{"embeddable":true,"href":"https:\/\/karyateknologi.co.id\/index.php?rest_route=\/wp\/v2\/users\/1"}],"replies":[{"embeddable":true,"href":"https:\/\/karyateknologi.co.id\/index.php?rest_route=%2Fwp%2Fv2%2Fcomments&post=484"}],"version-history":[{"count":10,"href":"https:\/\/karyateknologi.co.id\/index.php?rest_route=\/wp\/v2\/pages\/484\/revisions"}],"predecessor-version":[{"id":16034,"href":"https:\/\/karyateknologi.co.id\/index.php?rest_route=\/wp\/v2\/pages\/484\/revisions\/16034"}],"wp:attachment":[{"href":"https:\/\/karyateknologi.co.id\/index.php?rest_route=%2Fwp%2Fv2%2Fmedia&parent=484"}],"curies":[{"name":"wp","href":"https:\/\/api.w.org\/{rel}","templated":true}]}}